{"id":4416,"date":"2022-11-09T18:55:20","date_gmt":"2022-11-09T16:55:20","guid":{"rendered":"https:\/\/brightvision.gr\/product\/nanlux-evoke-1200\/"},"modified":"2023-01-18T12:41:39","modified_gmt":"2023-01-18T10:41:39","slug":"nanlux-evoke-1200","status":"publish","type":"product","link":"https:\/\/brightvision.gr\/el\/product\/nanlux-evoke-1200\/","title":{"rendered":"NANLUX Evoke 1200"},"content":{"rendered":"<p><span style=\"color: #000000;\"><img loading=\"lazy\" decoding=\"async\" class=\"alignnone wp-image-2520\" src=\"http:\/\/e-pest.gr\/wp-content\/uploads\/2022\/11\/ABUIABACGAAg7_b8hAYoqInigQMwgBQ49gg.jpg-300x134.webp\" alt=\"\" width=\"442\" height=\"205\"><\/span><\/p>\n<p class=\"animated animation-step-1 mb-4 lg:mb-9 fade-in\"><strong><span style=\"color: #000000;\">\u0398\u03b5\u03b1\u03bc\u03b1\u03c4\u03b9\u03ba\u03ae \u03b1\u03c0\u03cc\u03b4\u03bf\u03c3\u03b7<\/span><\/strong><\/p>\n<div id=\"module1494\" class=\"form jz_module jz_project jz_module_style_6 jz_project_1494\" data-animations-id=\"1494\">\n<div class=\"module_wrap J_project_sort_handle\">\n<div class=\"module_content\">\n<div id=\"1494\" class=\"module_text_content\">\n<div class=\"fkeditor-wrap\">\n<div class=\"fk-editor\">\n<div><span style=\"color: #000000;\">\u03a4\u03bf Evoke 1200 \u03c0\u03b1\u03c1\u03ad\u03c7\u03b5\u03b9 \u03b5\u03ba\u03c0\u03bb\u03b7\u03ba\u03c4\u03b9\u03ba\u03ac \u03b5\u03c0\u03af\u03c0\u03b5\u03b4\u03b1 \u03b5\u03bb\u03b5\u03b3\u03c7\u03cc\u03bc\u03b5\u03bd\u03bf\u03c5 \u03c6\u03c9\u03c4\u03cc\u03c2 \u03c7\u03c9\u03c1\u03af\u03c2 \u03c4\u03c1\u03b5\u03bc\u03bf\u03c0\u03b1\u03af\u03be\u03b9\u03bc\u03bf, \u03c3\u03c5\u03b3\u03ba\u03c1\u03af\u03c3\u03b9\u03bc\u03b1 \u03bc\u03b5 \u03b5\u03ba\u03b5\u03af\u03bd\u03b1 \u03b5\u03bd\u03cc\u03c2 PAR 1,8kW.  <\/span><\/div>\n<div><span style=\"color: #000000;\">\u03ae 2.5kW HMI Fresnel.<\/span><\/div>\n<\/div>\n<\/div>\n<\/div>\n<\/div>\n<\/div>\n<\/div>\n<p><span style=\"color: #000000;\"><img loading=\"lazy\" decoding=\"async\" class=\"alignnone wp-image-2521\" src=\"http:\/\/e-pest.gr\/wp-content\/uploads\/2022\/11\/ABUIABACGAAg5aCEhQYomuCGuwIw7Ao4yAU.jpg-300x154.webp\" alt=\"\" width=\"441\" height=\"232\"><\/span><\/p>\n<p><span style=\"color: #000000;\"><strong>\u03a6\u03c5\u03c3\u03b9\u03ba\u03ac \u03c6\u03c9\u03c4\u03b5\u03b9\u03bd\u03cc  <\/strong><\/span><\/p>\n<div id=\"module1503\" class=\"form jz_module jz_project jz_module_style_6 jz_project_1503\" data-animations-id=\"1503\">\n<div class=\"module_wrap J_project_sort_handle\">\n<div class=\"module_content\">\n<div id=\"1503\" class=\"module_text_content\">\n<div class=\"fkeditor-wrap\">\n<div class=\"fk-editor\">\n<div><span style=\"color: #000000;\">\u039f \u03ad\u03be\u03c5\u03c0\u03bd\u03bf\u03c2 \u03c3\u03c7\u03b5\u03b4\u03b9\u03b1\u03c3\u03bc\u03cc\u03c2 \u03c4\u03bf\u03c5 COB \u03c0\u03b1\u03c1\u03ad\u03c7\u03b5\u03b9 \u03b5\u03be\u03b1\u03b9\u03c1\u03b5\u03c4\u03b9\u03ba\u03ac \u03b9\u03c3\u03c7\u03c5\u03c1\u03cc, \u03c6\u03c5\u03c3\u03b9\u03ba\u03cc \u03c6\u03c9\u03c2.<\/span><\/div>\n<div><\/div>\n<div><span style=\"color: #000000;\"><img loading=\"lazy\" decoding=\"async\" class=\"alignnone wp-image-2522\" src=\"http:\/\/e-pest.gr\/wp-content\/uploads\/2022\/11\/ABUIABACGAAg24aDhQYomKrcxAYwgBQ49gg.jpg-300x134.webp\" alt=\"\" width=\"444\" height=\"208\"><\/span><\/div>\n<div><\/div>\n<div><span style=\"color: #000000;\"><strong>\u03a3\u03c4\u03b9\u03b2\u03b1\u03c1\u03cc\u03c2 \u03c3\u03c7\u03b5\u03b4\u03b9\u03b1\u03c3\u03bc\u03cc\u03c2  <\/strong><\/span><\/div>\n<\/div>\n<\/div>\n<\/div>\n<\/div>\n<\/div>\n<\/div>\n<div id=\"module1504\" class=\"form jz_module jz_project jz_module_style_7 jz_project_1504\" data-animations-id=\"1504\">\n<div class=\"module_wrap J_project_sort_handle\">\n<div class=\"module_content\">\n<div id=\"1504\" class=\"module_image_content\"><\/div>\n<\/div>\n<\/div>\n<\/div>\n<div id=\"module1505\" class=\"form jz_module jz_project jz_module_style_6 jz_project_1505\" data-animations-id=\"1505\">\n<div class=\"module_wrap J_project_sort_handle\">\n<div class=\"module_content\">\n<div id=\"1505\" class=\"module_text_content\">\n<div class=\"fkeditor-wrap\">\n<div class=\"fk-editor\">\n<div><span style=\"color: #000000;\">\u039f \u03bb\u03b5\u03b9\u03c4\u03bf\u03c5\u03c1\u03b3\u03b9\u03ba\u03cc\u03c2 \u03c3\u03c7\u03b5\u03b4\u03b9\u03b1\u03c3\u03bc\u03cc\u03c2, \u03b7 \u03c3\u03c4\u03b9\u03b2\u03b1\u03c1\u03ae \u03ba\u03b1\u03c4\u03b1\u03c3\u03ba\u03b5\u03c5\u03ae \u03ba\u03b1\u03b9 \u03b7 \u03c0\u03c1\u03bf\u03c3\u03c4\u03b1\u03c3\u03af\u03b1 IP54 \u03ba\u03b1\u03b8\u03b9\u03c3\u03c4\u03bf\u03cd\u03bd \u03c4\u03bf Evoke \u03b9\u03b4\u03b1\u03bd\u03b9\u03ba\u03cc \u03b3\u03b9\u03b1 \u03c7\u03c1\u03ae\u03c3\u03b7 \u03c3\u03b5 \u03c3\u03c7\u03b5\u03b4\u03cc\u03bd \u03bf\u03c0\u03bf\u03b9\u03b5\u03c3\u03b4\u03ae\u03c0\u03bf\u03c4\u03b5 \u03c3\u03c5\u03bd\u03b8\u03ae\u03ba\u03b5\u03c2.<\/span><\/div>\n<div><\/div>\n<\/div>\n<div><span style=\"color: #000000;\"><img loading=\"lazy\" decoding=\"async\" class=\"alignnone wp-image-2523\" src=\"http:\/\/e-pest.gr\/wp-content\/uploads\/2022\/11\/ABUIABACGAAgzOP9hAYopObL0AEwgBQ49gg.jpg-300x134.webp\" alt=\"\" width=\"441\" height=\"203\"><\/span><\/div>\n<div><\/div>\n<div><span style=\"color: #000000;\"><strong>\u0391\u03c0\u03af\u03c3\u03c4\u03b5\u03c5\u03c4\u03b7 \u03b5\u03c5\u03b5\u03bb\u03b9\u03be\u03af\u03b1  <\/strong><\/span><\/div>\n<div><\/div>\n<div>\n<div id=\"module1551\" class=\"form jz_module jz_project jz_module_style_6 jz_project_1551\" data-animations-id=\"1551\">\n<div class=\"module_wrap J_project_sort_handle\">\n<div class=\"module_content\">\n<div id=\"1551\" class=\"module_text_content\">\n<div class=\"fkeditor-wrap\">\n<div class=\"fk-editor\">\n<div><span style=\"color: #000000;\">\u03a4\u03bf Evoke 1200 \u03b5\u03af\u03bd\u03b1\u03b9 \u03c3\u03c5\u03bc\u03b2\u03b1\u03c4\u03cc \u03bc\u03b5 \u03bc\u03b9\u03b1 \u03c3\u03b5\u03b9\u03c1\u03ac \u03b1\u03c0\u03cc \u03b5\u03c1\u03b3\u03b1\u03bb\u03b5\u03af\u03b1 \u03b4\u03b9\u03b1\u03bc\u03cc\u03c1\u03c6\u03c9\u03c3\u03b7\u03c2 \u03c6\u03c9\u03c4\u03b9\u03c3\u03bc\u03bf\u03cd, \u03b1\u03be\u03b5\u03c3\u03bf\u03c5\u03ac\u03c1 \u03ba\u03b1\u03b9 \u03c4\u03c1\u03bf\u03c0\u03bf\u03c0\u03bf\u03b9\u03b7\u03c4\u03ad\u03c2. \u03a4\u03bf \u03bc\u03b5\u03b3\u03ac\u03bb\u03bf \u03ac\u03bd\u03bf\u03b9\u03b3\u03bc\u03b1 \u03ba\u03b1\u03b9 \u03bf\u03b9 \u03b1\u03bd\u03b8\u03b5\u03ba\u03c4\u03b9\u03ba\u03ad\u03c2 \u03c3\u03c4\u03b5\u03c1\u03b5\u03ce\u03c3\u03b5\u03b9\u03c2 \u03c4\u03b7\u03c2 \u03b2\u03ac\u03c3\u03b7\u03c2 NL \u03b5\u03c0\u03b9\u03c4\u03c1\u03ad\u03c0\u03bf\u03c5\u03bd \u03c3\u03c4\u03bf \u03c7\u03c1\u03ae\u03c3\u03c4\u03b7 \u03bd\u03b1 \u03b5\u03bd\u03b1\u03bb\u03bb\u03ac\u03c3\u03c3\u03b5\u03b9 \u03b3\u03c1\u03ae\u03b3\u03bf\u03c1\u03b1 \u03bc\u03b5\u03c4\u03b1\u03be\u03cd \u03c4\u03c9\u03bd \u03bf\u03c0\u03c4\u03b9\u03ba\u03ce\u03bd \u03b3\u03b9\u03b1 \u03bd\u03b1 \u03c3\u03bc\u03b9\u03bb\u03b5\u03cd\u03b5\u03b9, \u03bd\u03b1 \u03b4\u03b9\u03b1\u03bc\u03bf\u03c1\u03c6\u03ce\u03bd\u03b5\u03b9 \u03ba\u03b1\u03b9 \u03bd\u03b1 \u03c4\u03c1\u03bf\u03c0\u03bf\u03c0\u03bf\u03b9\u03b5\u03af \u03c4\u03b7\u03bd \u03ad\u03be\u03bf\u03b4\u03bf \u03c7\u03c9\u03c1\u03af\u03c2 \u03ba\u03b1\u03bd\u03ad\u03bd\u03b1 \u03c3\u03c5\u03bc\u03b2\u03b9\u03b2\u03b1\u03c3\u03bc\u03cc \u03c3\u03c4\u03b7\u03bd \u03c0\u03bf\u03b9\u03cc\u03c4\u03b7\u03c4\u03b1, \u03c4\u03bf \u03c7\u03c1\u03ce\u03bc\u03b1 \u03ae \u03c4\u03b7\u03bd \u03ad\u03bd\u03c4\u03b1\u03c3\u03b7 \u03c4\u03b7\u03c2 \u03b4\u03ad\u03c3\u03bc\u03b7\u03c2.<\/span><\/div>\n<div><\/div>\n<div><span style=\"color: #000000;\"><img loading=\"lazy\" decoding=\"async\" class=\"alignnone wp-image-2525\" src=\"http:\/\/e-pest.gr\/wp-content\/uploads\/2022\/11\/ABUIABACGAAg9eb8hAYohoe5wwIwgBQ49gg.jpg-300x134.webp\" alt=\"\" width=\"440\" height=\"206\"><\/span><\/div>\n<div><\/div>\n<\/div>\n<\/div>\n<\/div>\n<\/div>\n<\/div>\n<div><span style=\"color: #000000;\"><strong>\u0391\u03c0\u03cc\u03b4\u03bf\u03c3\u03b7 \u03b1\u03ba\u03c1\u03b9\u03b2\u03b5\u03af\u03b1\u03c2  <\/strong><\/span><\/div>\n<div><\/div>\n<div class=\"module_wrap J_project_sort_handle\">\n<div class=\"module_content\">\n<div id=\"1551\" class=\"module_text_content\">\n<div class=\"fkeditor-wrap\">\n<div class=\"fk-editor\">\n<div id=\"module1559\" class=\"form jz_module jz_project jz_module_style_6 jz_project_1559\" data-animations-id=\"1559\">\n<div class=\"module_wrap J_project_sort_handle\">\n<div class=\"module_content\">\n<div id=\"1559\" class=\"module_text_content\">\n<div class=\"fkeditor-wrap\">\n<div class=\"fk-editor\">\n<div><span style=\"color: #000000;\">\u0397 \u03b5\u03be\u03b1\u03b9\u03c1\u03b5\u03c4\u03b9\u03ba\u03ac \u03b1\u03ba\u03c1\u03b9\u03b2\u03ae\u03c2 \u03b4\u03b9\u03b5\u03c0\u03b1\u03c6\u03ae \u03c7\u03c1\u03ae\u03c3\u03c4\u03b7, \u03bc\u03b5 \u03b1\u03ba\u03c1\u03af\u03b2\u03b5\u03b9\u03b1 0,1%, \u03b5\u03c0\u03b9\u03c4\u03c1\u03ad\u03c0\u03b5\u03b9 \u03b1\u03ba\u03c1\u03af\u03b2\u03b5\u03b9\u03b1 \u03b1\u03ba\u03c1\u03b9\u03b2\u03b5\u03af\u03b1\u03c2 \u03c4\u03cc\u03c3\u03bf \u03c3\u03c4\u03b7\u03bd \u03ad\u03be\u03bf\u03b4\u03bf \u03cc\u03c3\u03bf \u03ba\u03b1\u03b9 \u03c3\u03c4\u03b7\u03bd \u03ad\u03bd\u03c4\u03b1\u03c3\u03b7.<\/span><\/div>\n<div><\/div>\n<\/div>\n<div><span style=\"color: #000000;\"><strong>\u038c\u03bb\u03bf \u03c4\u03bf \u03c6\u03c9\u03c2 \u03c0\u03bf\u03c5 \u03c7\u03c1\u03b5\u03b9\u03ac\u03b6\u03b5\u03c3\u03c4\u03b5<\/strong><\/span><\/div>\n<div><\/div>\n<div class=\"fk-editor\">\n<div id=\"module1567\" class=\"form jz_module jz_project jz_module_style_6 jz_project_1567\" data-animations-id=\"1567\">\n<div class=\"module_wrap J_project_sort_handle\">\n<div class=\"module_content\">\n<div id=\"1567\" class=\"module_text_content\">\n<div class=\"fkeditor-wrap\">\n<div class=\"fk-editor\">\n<div><span style=\"color: #000000;\">\u03a4\u03bf Evoke 1200 \u03ad\u03c7\u03b5\u03b9 \u03b1\u03bd\u03b1\u03c0\u03c4\u03c5\u03c7\u03b8\u03b5\u03af \u03b1\u03c0\u03cc \u03c4\u03b7\u03bd \u03c4\u03b5\u03c7\u03bd\u03b9\u03ba\u03ae \u03bf\u03bc\u03ac\u03b4\u03b1 \u03c4\u03b7\u03c2 NANLUX. \u0391\u03ba\u03bf\u03cd\u03b3\u03bf\u03bd\u03c4\u03b1\u03c2 \u03c4\u03b1 \u03c3\u03c7\u03cc\u03bb\u03b9\u03b1 \u03c4\u03c9\u03bd \u03c0\u03b5\u03bb\u03b1\u03c4\u03ce\u03bd \u03bc\u03b1\u03c2 \u03ba\u03b1\u03b9 \u03bc\u03b5\u03bb\u03b5\u03c4\u03ce\u03bd\u03c4\u03b1\u03c2 \u03c0\u03c1\u03bf\u03c3\u03b5\u03ba\u03c4\u03b9\u03ba\u03ac \u03c4\u03b9\u03c2 \u03b1\u03bd\u03ac\u03b3\u03ba\u03b5\u03c2 \u03c4\u03bf\u03c5 \u03c4\u03b5\u03bb\u03b9\u03ba\u03bf\u03cd \u03c7\u03c1\u03ae\u03c3\u03c4\u03b7, \u03ba\u03b1\u03c4\u03b1\u03c6\u03ad\u03c1\u03b1\u03bc\u03b5 \u03bd\u03b1 \u03b4\u03b7\u03bc\u03b9\u03bf\u03c5\u03c1\u03b3\u03ae\u03c3\u03bf\u03c5\u03bc\u03b5 \u03ad\u03bd\u03b1 \u03c0\u03c1\u03b1\u03b3\u03bc\u03b1\u03c4\u03b9\u03ba\u03ac \u03b5\u03c5\u03ad\u03bb\u03b9\u03ba\u03c4\u03bf \u03c6\u03c9\u03c4\u03b9\u03c3\u03c4\u03b9\u03ba\u03cc \u03c0\u03bf\u03c5 \u03c0\u03b1\u03c1\u03ad\u03c7\u03b5\u03b9 \u03b9\u03c3\u03c7\u03c5\u03c1\u03ae, \u03b5\u03c5\u03ad\u03bb\u03b9\u03ba\u03c4\u03b7 \u03b1\u03c0\u03cc\u03b4\u03bf\u03c3\u03b7, \u03c3\u03c7\u03b5\u03b4\u03cc\u03bd \u03c3\u03b5 \u03bf\u03c0\u03bf\u03b9\u03b5\u03c3\u03b4\u03ae\u03c0\u03bf\u03c4\u03b5 \u03c3\u03c5\u03bd\u03b8\u03ae\u03ba\u03b5\u03c2. \u039c\u03b5 \u03bc\u03b9\u03b1 \u03c4\u03ad\u03bb\u03b5\u03b9\u03b1 \u03b9\u03c3\u03bf\u03c1\u03c1\u03bf\u03c0\u03af\u03b1 \u03b1\u03c0\u03bb\u03ae\u03c2, \u03b4\u03b9\u03b1\u03b9\u03c3\u03b8\u03b7\u03c4\u03b9\u03ba\u03ae\u03c2 \u03bb\u03b5\u03b9\u03c4\u03bf\u03c5\u03c1\u03b3\u03af\u03b1\u03c2, \u03bc\u03b5 \u03b5\u03c5\u03ad\u03bb\u03b9\u03ba\u03c4\u03b7, \u03b5\u03bb\u03b5\u03b3\u03c7\u03cc\u03bc\u03b5\u03bd\u03b7 \u03ad\u03be\u03bf\u03b4\u03bf, \u03ba\u03b1\u03b8\u03ce\u03c2 \u03ba\u03b1\u03b9 \u03c4\u03b7\u03bd \u03b9\u03ba\u03b1\u03bd\u03cc\u03c4\u03b7\u03c4\u03b1 \u03ba\u03b1\u03b9 \u03c4\u03b7\u03bd \u03b5\u03c5\u03ba\u03bf\u03bb\u03af\u03b1 \u03c4\u03bf\u03c5 \u03c6\u03c9\u03c4\u03b9\u03c3\u03bc\u03bf\u03cd LED, \u03c4\u03bf Evoke 1200 \u03b5\u03af\u03bd\u03b1\u03b9 \u03cc,\u03c4\u03b9 \u03c7\u03c1\u03b5\u03b9\u03ac\u03b6\u03b5\u03c3\u03c4\u03b5.<\/span><\/div>\n<div><\/div>\n<div><span style=\"color: #000000;\"><img loading=\"lazy\" decoding=\"async\" class=\"alignnone wp-image-2526\" src=\"http:\/\/e-pest.gr\/wp-content\/uploads\/2022\/11\/ABUIABACGAAgsPf9hAYo5sbVXDCxDDj2CA-300x216.jpg\" alt=\"\" width=\"443\" height=\"324\" srcset=\"https:\/\/brightvision.gr\/wp-content\/uploads\/2022\/11\/ABUIABACGAAgsPf9hAYo5sbVXDCxDDj2CA-330x240.jpg 330w, https:\/\/brightvision.gr\/wp-content\/uploads\/2022\/11\/ABUIABACGAAgsPf9hAYo5sbVXDCxDDj2CA-370x270.jpg 370w\" sizes=\"auto, (max-width: 443px) 100vw, 443px\" \/><\/span><\/div>\n<div><\/div>\n<div>\n<div><span style=\"color: #000000;\"><b>\u03a0\u03b5\u03c1\u03b9\u03bb\u03b1\u03bc\u03b2\u03ac\u03bd\u03b5\u03b9<\/b><\/span><\/div>\n<div><\/div>\n<div><span style=\"color: #000000;\">Evoke 1200\u00d71\uff0cYoke\u00d71\uff0c\u03a4\u03c1\u03bf\u03c6\u03bf\u03b4\u03bf\u03c4\u03b9\u03ba\u03cc\u00d71\uff0c\u0391\u03bd\u03b1\u03ba\u03bb\u03b1\u03c3\u03c4\u03ae\u03c1\u03b1\u03c2\u00d71 \u039a\u03b1\u03bb\u03ce\u03b4\u03b9\u03bf \u03c3\u03cd\u03bd\u03b4\u03b5\u03c3\u03b7\u03c2 DC 7.5M\u00d71\uff0c\u039a\u03b1\u03bb\u03ce\u03b4\u03b9\u03bf \u03c4\u03c1\u03bf\u03c6\u03bf\u03b4\u03bf\u03c3\u03af\u03b1\u03c2 AC 6M\u00d71 AS-CP-QR-EV Evoke Quick Release Clamp\u00d71 USB Flash Drive\u00d71\uff0cWS-RC-C2 Remote Controller\u00d71 \u0395\u03b3\u03c7\u03b5\u03b9\u03c1\u03af\u03b4\u03b9\u03bf \u03c7\u03c1\u03ae\u03c3\u03b7\u03c2\u00d71\uff0c \u039f\u03b4\u03b7\u03b3\u03cc\u03c2 \u03b1\u03bd\u03b1\u03c6\u03bf\u03c1\u03ac\u03c2 DMX\u00d71\uff0c\u039a\u03ac\u03c1\u03c4\u03b1 \u03b5\u03c5\u03c7\u03b1\u03c1\u03b9\u03c3\u03c4\u03b9\u03ce\u03bd\u00d71<\/span><\/div>\n<div><\/div>\n<div><span style=\"color: #000000;\"><img loading=\"lazy\" decoding=\"async\" class=\"alignnone wp-image-2524\" src=\"http:\/\/e-pest.gr\/wp-content\/uploads\/2022\/11\/ABUIABAEGAAg1POCmwYopcuYuQQw-Ac4-gM.png-300x150.webp\" alt=\"\" width=\"443\" height=\"230\"><\/span><\/div>\n<div><\/div>\n<\/div>\n<div><span style=\"color: #000000;\">  <img loading=\"lazy\" decoding=\"async\" class=\"alignnone wp-image-2533 size-full\" src=\"https:\/\/brightvision.gr\/wp-content\/uploads\/2022\/11\/evoke-4.jpg\" alt=\"\" width=\"830\" height=\"684\" srcset=\"https:\/\/brightvision.gr\/wp-content\/uploads\/2022\/11\/evoke-4.jpg 830w, https:\/\/brightvision.gr\/wp-content\/uploads\/2022\/11\/evoke-4-300x247.jpg 300w, https:\/\/brightvision.gr\/wp-content\/uploads\/2022\/11\/evoke-4-768x633.jpg 768w, https:\/\/brightvision.gr\/wp-content\/uploads\/2022\/11\/evoke-4-600x494.jpg 600w\" sizes=\"auto, (max-width: 830px) 100vw, 830px\" \/><\/span><\/div>\n<div><span style=\"color: #000000;\"><img loading=\"lazy\" decoding=\"async\" class=\"alignnone wp-image-2529 size-full\" src=\"https:\/\/brightvision.gr\/wp-content\/uploads\/2022\/11\/evoke-2.jpg\" alt=\"\" width=\"839\" height=\"430\" srcset=\"https:\/\/brightvision.gr\/wp-content\/uploads\/2022\/11\/evoke-2.jpg 839w, https:\/\/brightvision.gr\/wp-content\/uploads\/2022\/11\/evoke-2-300x154.jpg 300w, https:\/\/brightvision.gr\/wp-content\/uploads\/2022\/11\/evoke-2-768x394.jpg 768w, https:\/\/brightvision.gr\/wp-content\/uploads\/2022\/11\/evoke-2-600x308.jpg 600w\" sizes=\"auto, (max-width: 839px) 100vw, 839px\" \/><\/span><\/div>\n<div><span style=\"color: #000000;\"><img loading=\"lazy\" decoding=\"async\" class=\"alignnone wp-image-2528 size-full\" style=\"font-style: normal; font-weight: 300;\" src=\"https:\/\/brightvision.gr\/wp-content\/uploads\/2022\/11\/evoke-3.jpg\" alt=\"\" width=\"850\" height=\"413\" srcset=\"https:\/\/brightvision.gr\/wp-content\/uploads\/2022\/11\/evoke-3.jpg 850w, https:\/\/brightvision.gr\/wp-content\/uploads\/2022\/11\/evoke-3-300x146.jpg 300w, https:\/\/brightvision.gr\/wp-content\/uploads\/2022\/11\/evoke-3-768x373.jpg 768w, https:\/\/brightvision.gr\/wp-content\/uploads\/2022\/11\/evoke-3-600x292.jpg 600w\" sizes=\"auto, (max-width: 850px) 100vw, 850px\" \/><\/span><\/div>\n<div>\n<div><\/div>\n<\/div>\n<\/div>\n<\/div>\n<\/div>\n<\/div>\n<\/div>\n<\/div>\n<\/div>\n<\/div>\n<\/div>\n<\/div>\n<\/div>\n<\/div>\n<\/div>\n<\/div>\n<\/div>\n<\/div>\n<\/div>\n<\/div>\n<\/div>\n<\/div>\n<\/div>\n<\/div>\n<\/div>\n<\/div>\n","protected":false},"excerpt":{"rendered":"<p>\u0397 NANLUX \u03c0\u03b1\u03c1\u03bf\u03c5\u03c3\u03b9\u03ac\u03b6\u03b5\u03b9 \u03c4\u03bf \u03bf\u03bb\u03bf\u03ba\u03b1\u03af\u03bd\u03bf\u03c5\u03c1\u03b3\u03b9\u03bf Evoke 1200. \u0388\u03bd\u03b1\u03c2 \u03c0\u03c1\u03c9\u03c4\u03bf\u03c0\u03bf\u03c1\u03b9\u03b1\u03ba\u03cc\u03c2 \u03c0\u03c1\u03bf\u03b2\u03bf\u03bb\u03ad\u03b1\u03c2 LED 1,2 kW \u03c0\u03bf\u03c5 \u03c3\u03c5\u03bd\u03b4\u03c5\u03ac\u03b6\u03b5\u03b9 \u03c0\u03c1\u03c9\u03c4\u03bf\u03c6\u03b1\u03bd\u03ae \u03b5\u03c0\u03af\u03c0\u03b5\u03b4\u03b1 \u03b5\u03c5\u03ba\u03c1\u03b9\u03bd\u03bf\u03cd\u03c2, \u03c6\u03c9\u03c4\u03b5\u03b9\u03bd\u03bf\u03cd \u03c6\u03c9\u03c4\u03b9\u03c3\u03bc\u03bf\u03cd LED \u03bc\u03b5 \u03c0\u03bf\u03bb\u03bb\u03b1\u03c0\u03bb\u03ad\u03c2 \u03b5\u03c0\u03b9\u03bb\u03bf\u03b3\u03ad\u03c2 \u03b4\u03b9\u03b1\u03bc\u03cc\u03c1\u03c6\u03c9\u03c3\u03b7\u03c2.<\/p>\n","protected":false},"featured_media":3925,"template":"","meta":[],"product_brand":[],"product_cat":[137],"product_tag":[],"class_list":{"0":"post-4416","1":"product","2":"type-product","3":"status-publish","4":"has-post-thumbnail","6":"product_cat-spot-lights-el","8":"first","9":"instock","10":"shipping-taxable","11":"product-type-simple"},"aioseo_notices":[],"_links":{"self":[{"href":"https:\/\/brightvision.gr\/el\/wp-json\/wp\/v2\/product\/4416","targetHints":{"allow":["GET"]}}],"collection":[{"href":"https:\/\/brightvision.gr\/el\/wp-json\/wp\/v2\/product"}],"about":[{"href":"https:\/\/brightvision.gr\/el\/wp-json\/wp\/v2\/types\/product"}],"wp:featuredmedia":[{"embeddable":true,"href":"https:\/\/brightvision.gr\/el\/wp-json\/wp\/v2\/media\/3925"}],"wp:attachment":[{"href":"https:\/\/brightvision.gr\/el\/wp-json\/wp\/v2\/media?parent=4416"}],"wp:term":[{"taxonomy":"product_brand","embeddable":true,"href":"https:\/\/brightvision.gr\/el\/wp-json\/wp\/v2\/product_brand?post=4416"},{"taxonomy":"product_cat","embeddable":true,"href":"https:\/\/brightvision.gr\/el\/wp-json\/wp\/v2\/product_cat?post=4416"},{"taxonomy":"product_tag","embeddable":true,"href":"https:\/\/brightvision.gr\/el\/wp-json\/wp\/v2\/product_tag?post=4416"}],"curies":[{"name":"wp","href":"https:\/\/api.w.org\/{rel}","templated":true}]}}